{"id":125,"date":"2026-01-22T02:14:03","date_gmt":"2026-01-22T02:14:03","guid":{"rendered":"https:\/\/dongythelong.vn\/?page_id=125"},"modified":"2026-01-22T13:15:40","modified_gmt":"2026-01-22T13:15:40","slug":"tin-tuc","status":"publish","type":"page","link":"https:\/\/dongythelong.vn\/index.php\/tin-tuc\/","title":{"rendered":"TIN T\u1ee8C"},"content":{"rendered":"<ul class=\"wp-block-latest-posts__list wp-block-latest-posts\"><li><div class=\"wp-block-latest-posts__featured-image\"><img loading=\"lazy\" decoding=\"async\" width=\"150\" height=\"150\" src=\"https:\/\/dongythelong.vn\/wp-content\/uploads\/2026\/02\/2024_02_29_03_05_281_bc63d-150x150.jpg\" class=\"attachment-thumbnail size-thumbnail wp-post-image\" alt=\"K\u1ef9 thu\u1eadt ph\u1ee5c h\u1ed3i ch\u1ee9c n\u0103ng tho\u00e1t v\u1ecb \u0111\u0129a \u0111\u1ec7m c\u1ed9t s\u1ed1ng th\u1eaft l\u01b0ng\" style=\"\" \/><\/div><a class=\"wp-block-latest-posts__post-title\" href=\"https:\/\/dongythelong.vn\/index.php\/2026\/02\/04\/ky-thuat-phuc-hoi-chuc-nang-thoat-vi-dia-dem-cot-song-that-lung\/\">K\u1ef9 thu\u1eadt ph\u1ee5c h\u1ed3i ch\u1ee9c n\u0103ng tho\u00e1t v\u1ecb \u0111\u0129a \u0111\u1ec7m c\u1ed9t s\u1ed1ng th\u1eaft l\u01b0ng<\/a><\/li>\n<li><div class=\"wp-block-latest-posts__featured-image\"><img loading=\"lazy\" decoding=\"async\" width=\"150\" height=\"150\" src=\"https:\/\/dongythelong.vn\/wp-content\/uploads\/2026\/01\/7-luu-y-quan-trong-trong-che-do-an-cho-nguoi-bi-gout-150x150.jpg\" class=\"attachment-thumbnail size-thumbnail wp-post-image\" alt=\"\" style=\"\" \/><\/div><a class=\"wp-block-latest-posts__post-title\" href=\"https:\/\/dongythelong.vn\/index.php\/2026\/01\/26\/nguoi-bi-gut-va-tang-axit-uric-nen-an-gi\/\">Ng\u01b0\u1eddi b\u1ecb g\u00fat v\u00e0 t\u0103ng axit uric n\u00ean \u0103n g\u00ec<\/a><\/li>\n<li><div class=\"wp-block-latest-posts__featured-image\"><img loading=\"lazy\" decoding=\"async\" width=\"150\" height=\"150\" src=\"https:\/\/dongythelong.vn\/wp-content\/uploads\/2026\/01\/14032024vthuy12_08365323032024-150x150.jpg\" class=\"attachment-thumbnail size-thumbnail wp-post-image\" alt=\"\" style=\"\" \/><\/div><a class=\"wp-block-latest-posts__post-title\" href=\"https:\/\/dongythelong.vn\/index.php\/2026\/01\/26\/benh-thuy-dau-la-gi\/\">B\u1ec7nh thu\u1ef7 \u0111\u1eadu l\u00e0 g\u00ec ?<\/a><\/li>\n<li><div class=\"wp-block-latest-posts__featured-image\"><img loading=\"lazy\" decoding=\"async\" width=\"150\" height=\"150\" src=\"https:\/\/dongythelong.vn\/wp-content\/uploads\/2026\/01\/cac-loai-ngu-coc-150x150.jpg\" class=\"attachment-thumbnail size-thumbnail wp-post-image\" alt=\"\" style=\"\" \/><\/div><a class=\"wp-block-latest-posts__post-title\" href=\"https:\/\/dongythelong.vn\/index.php\/2026\/01\/23\/tai-sao-rau-cu-ngu-coc-nguyen-hat-va-dau-la-nen-tang-bua-an-lanh-manh\/\">T\u1ea1i sao rau c\u1ee7, ng\u0169 c\u1ed1c nguy\u00ean h\u1ea1t v\u00e0 \u0111\u1eadu l\u00e0 n\u1ec1n t\u1ea3ng b\u1eefa \u0103n l\u00e0nh m\u1ea1nh?<\/a><\/li>\n<li><div class=\"wp-block-latest-posts__featured-image\"><img loading=\"lazy\" decoding=\"async\" width=\"150\" height=\"150\" src=\"https:\/\/dongythelong.vn\/wp-content\/uploads\/2026\/01\/ngu-coc-la-gi-ngu-coc-nguyen-hat-la-gi-loai-nao-tot-cho-suc-khoe-760x367-1-150x150.jpg\" class=\"attachment-thumbnail size-thumbnail wp-post-image\" alt=\"\" style=\"\" \/><\/div><a class=\"wp-block-latest-posts__post-title\" href=\"https:\/\/dongythelong.vn\/index.php\/2026\/01\/23\/vi-sao-nguoi-tang-huyet-ap-nen-bo-sung-ngu-coc-nguyen-hat-vao-che-do-an\/\">V\u00ec sao ng\u01b0\u1eddi t\u0103ng huy\u1ebft \u00e1p n\u00ean b\u1ed5 sung ng\u0169 c\u1ed1c nguy\u00ean h\u1ea1t v\u00e0o ch\u1ebf \u0111\u1ed9 \u0103n?<\/a><\/li>\n<li><div class=\"wp-block-latest-posts__featured-image\"><img loading=\"lazy\" decoding=\"async\" width=\"150\" height=\"150\" src=\"https:\/\/dongythelong.vn\/wp-content\/uploads\/2026\/01\/asa-150x150.jpg\" class=\"attachment-thumbnail size-thumbnail wp-post-image\" alt=\"\" style=\"\" \/><\/div><a class=\"wp-block-latest-posts__post-title\" href=\"https:\/\/dongythelong.vn\/index.php\/2026\/01\/22\/tien-tieu-duong-3-buoc-don-gian-giup-ngan-tien-trien-thanh-dai-thao-duong-type-2\/\">Ti\u1ec1n ti\u1ec3u \u0111\u01b0\u1eddng: 3 b\u01b0\u1edbc \u0111\u01a1n gi\u1ea3n gi\u00fap ng\u0103n ti\u1ebfn tri\u1ec3n th\u00e0nh \u0111\u00e1i th\u00e1o \u0111\u01b0\u1eddng type 2<\/a><\/li>\n<li><div class=\"wp-block-latest-posts__featured-image\"><img loading=\"lazy\" decoding=\"async\" width=\"150\" height=\"150\" src=\"https:\/\/dongythelong.vn\/wp-content\/uploads\/2026\/01\/20220808_cay-bim-bip-duoc-ung-dung-rong-rai-trong-y-hoc-150x150.jpg\" class=\"attachment-thumbnail size-thumbnail wp-post-image\" alt=\"\" style=\"\" \/><\/div><a class=\"wp-block-latest-posts__post-title\" href=\"https:\/\/dongythelong.vn\/index.php\/2026\/01\/21\/bai-thuoc-chua-seo-loi-tu-cay-bim-bip\/\">B\u00e0i thu\u1ed1c ch\u1eefa s\u1eb9o l\u1ed3i t\u1eeb c\u00e2y b\u00ecm b\u1ecbp<\/a><\/li>\n<li><div class=\"wp-block-latest-posts__featured-image\"><img loading=\"lazy\" decoding=\"async\" width=\"150\" height=\"150\" src=\"https:\/\/dongythelong.vn\/wp-content\/uploads\/2026\/01\/photo-1768977600827-1768977601384885799205-150x150.png\" class=\"attachment-thumbnail size-thumbnail wp-post-image\" alt=\"\" style=\"\" \/><\/div><a class=\"wp-block-latest-posts__post-title\" href=\"https:\/\/dongythelong.vn\/index.php\/2026\/01\/21\/7-loi-ich-suc-khoe-khi-uong-nuoc-bot-dau-xanh-rang\/\">7 l\u1ee3i \u00edch s\u1ee9c kh\u1ecfe khi u\u1ed1ng n\u01b0\u1edbc b\u1ed9t \u0111\u1eadu xanh rang<\/a><\/li>\n<\/ul>\n\n<a style=\"color:#309000;\" class=\"wp-elements-bea27d9e617130de5e8fc0afa4d0c83d wp-block-read-more has-text-color\" href=\"https:\/\/dongythelong.vn\/index.php\/tin-tuc\/\" target=\"_self\">Xem th\u00eam<span class=\"screen-reader-text\">: TIN T\u1ee8C<\/span><\/a>\n\n\n<p><\/p>\n","protected":false},"excerpt":{"rendered":"","protected":false},"author":1,"featured_media":0,"parent":0,"menu_order":0,"comment_status":"closed","ping_status":"closed","template":"","meta":{"footnotes":""},"class_list":["post-125","page","type-page","status-publish","hentry"],"_links":{"self":[{"href":"https:\/\/dongythelong.vn\/index.php\/wp-json\/wp\/v2\/pages\/125","targetHints":{"allow":["GET"]}}],"collection":[{"href":"https:\/\/dongythelong.vn\/index.php\/wp-json\/wp\/v2\/pages"}],"about":[{"href":"https:\/\/dongythelong.vn\/index.php\/wp-json\/wp\/v2\/types\/page"}],"author":[{"embeddable":true,"href":"https:\/\/dongythelong.vn\/index.php\/wp-json\/wp\/v2\/users\/1"}],"replies":[{"embeddable":true,"href":"https:\/\/dongythelong.vn\/index.php\/wp-json\/wp\/v2\/comments?post=125"}],"version-history":[{"count":2,"href":"https:\/\/dongythelong.vn\/index.php\/wp-json\/wp\/v2\/pages\/125\/revisions"}],"predecessor-version":[{"id":188,"href":"https:\/\/dongythelong.vn\/index.php\/wp-json\/wp\/v2\/pages\/125\/revisions\/188"}],"wp:attachment":[{"href":"https:\/\/dongythelong.vn\/index.php\/wp-json\/wp\/v2\/media?parent=125"}],"curies":[{"name":"wp","href":"https:\/\/api.w.org\/{rel}","templated":true}]}}